{"id":171,"date":"2023-01-06T02:29:58","date_gmt":"2023-01-06T02:29:58","guid":{"rendered":"http:\/\/cirujano-maxilofacial.com\/?page_id=171"},"modified":"2025-08-25T14:38:38","modified_gmt":"2025-08-25T14:38:38","slug":"contacto","status":"publish","type":"page","link":"https:\/\/cirujano-maxilofacial.com\/index.php\/contacto\/","title":{"rendered":"Contacto"},"content":{"rendered":"\t\t<div data-elementor-type=\"wp-page\" data-elementor-id=\"171\" class=\"elementor elementor-171\" data-elementor-settings=\"[]\">\n\t\t\t\t\t\t<div class=\"elementor-inner\">\n\t\t\t\t\t\t\t<div class=\"elementor-section-wrap\">\n\t\t\t\t\t\t\t<section class=\"elementor-section elementor-top-section elementor-element elementor-element-7b7ce73d elementor-section-height-full elementor-section-boxed elementor-section-height-default elementor-section-items-middle\" data-id=\"7b7ce73d\" data-element_type=\"section\" data-settings=\"{&quot;background_background&quot;:&quot;gradient&quot;,&quot;shape_divider_bottom&quot;:&quot;waves&quot;}\">\n\t\t\t\t\t\t\t<div class=\"elementor-background-overlay\"><\/div>\n\t\t\t\t\t\t<div class=\"elementor-shape elementor-shape-bottom\" data-negative=\"false\">\n\t\t\t<svg xmlns=\"http:\/\/www.w3.org\/2000\/svg\" viewBox=\"0 0 1000 100\" preserveAspectRatio=\"none\">\n\t<path class=\"elementor-shape-fill\" d=\"M421.9,6.5c22.6-2.5,51.5,0.4,75.5,5.3c23.6,4.9,70.9,23.5,100.5,35.7c75.8,32.2,133.7,44.5,192.6,49.7\n\tc23.6,2.1,48.7,3.5,103.4-2.5c54.7-6,106.2-25.6,106.2-25.6V0H0v30.3c0,0,72,32.6,158.4,30.5c39.2-0.7,92.8-6.7,134-22.4\n\tc21.2-8.1,52.2-18.2,79.7-24.2C399.3,7.9,411.6,7.5,421.9,6.5z\"\/>\n<\/svg>\t\t<\/div>\n\t\t\t\t\t<div class=\"elementor-container elementor-column-gap-default\">\n\t\t\t\t\t\t\t<div class=\"elementor-row\">\n\t\t\t\t\t<div class=\"elementor-column elementor-col-100 elementor-top-column elementor-element elementor-element-48f5a4e1\" data-id=\"48f5a4e1\" data-element_type=\"column\">\n\t\t\t<div class=\"elementor-column-wrap elementor-element-populated\">\n\t\t\t\t\t\t\t<div class=\"elementor-widget-wrap\">\n\t\t\t\t\t\t<div class=\"elementor-element elementor-element-797f9aca elementor-widget elementor-widget-heading\" data-id=\"797f9aca\" data-element_type=\"widget\" data-widget_type=\"heading.default\">\n\t\t\t\t<div class=\"elementor-widget-container\">\n\t\t\t<h1 class=\"elementor-heading-title elementor-size-default\">Cont\u00e1ctanos<\/h1>\t\t<\/div>\n\t\t\t\t<\/div>\n\t\t\t\t<div class=\"elementor-element elementor-element-3490227a elementor-widget elementor-widget-heading\" data-id=\"3490227a\" data-element_type=\"widget\" data-widget_type=\"heading.default\">\n\t\t\t\t<div class=\"elementor-widget-container\">\n\t\t\t<h3 class=\"elementor-heading-title elementor-size-default\">D\u00e9janos un mensaje y te atenderemos en breve <\/h3>\t\t<\/div>\n\t\t\t\t<\/div>\n\t\t\t\t\t\t<\/div>\n\t\t\t\t\t<\/div>\n\t\t<\/div>\n\t\t\t\t\t\t\t\t<\/div>\n\t\t\t\t\t<\/div>\n\t\t<\/section>\n\t\t\t\t<section class=\"elementor-section elementor-top-section elementor-element elementor-element-56544aaa elementor-reverse-tablet elementor-reverse-mobile elementor-section-boxed elementor-section-height-default elementor-section-height-default\" data-id=\"56544aaa\" data-element_type=\"section\" data-settings=\"{&quot;background_background&quot;:&quot;classic&quot;}\">\n\t\t\t\t\t\t\t<div class=\"elementor-background-overlay\"><\/div>\n\t\t\t\t\t\t\t<div class=\"elementor-container elementor-column-gap-default\">\n\t\t\t\t\t\t\t<div class=\"elementor-row\">\n\t\t\t\t\t<div class=\"elementor-column elementor-col-50 elementor-top-column elementor-element elementor-element-4ac5ebf3\" data-id=\"4ac5ebf3\" data-element_type=\"column\" data-settings=\"{&quot;background_background&quot;:&quot;classic&quot;,&quot;motion_fx_motion_fx_scrolling&quot;:&quot;yes&quot;,&quot;motion_fx_translateY_effect&quot;:&quot;yes&quot;,&quot;motion_fx_translateY_direction&quot;:&quot;negative&quot;,&quot;motion_fx_translateY_speed&quot;:{&quot;unit&quot;:&quot;px&quot;,&quot;size&quot;:&quot;1&quot;,&quot;sizes&quot;:[]},&quot;motion_fx_devices&quot;:[&quot;desktop&quot;,&quot;tablet&quot;],&quot;motion_fx_translateY_affectedRange&quot;:{&quot;unit&quot;:&quot;%&quot;,&quot;size&quot;:&quot;&quot;,&quot;sizes&quot;:{&quot;start&quot;:0,&quot;end&quot;:100}}}\">\n\t\t\t<div class=\"elementor-column-wrap elementor-element-populated\">\n\t\t\t\t\t\t\t<div class=\"elementor-widget-wrap\">\n\t\t\t\t\t\t<div class=\"elementor-element elementor-element-1f60fdec elementor-button-align-end elementor-widget elementor-widget-form\" data-id=\"1f60fdec\" data-element_type=\"widget\" data-settings=\"{&quot;step_next_label&quot;:&quot;Next&quot;,&quot;step_previous_label&quot;:&quot;Previous&quot;,&quot;button_width&quot;:&quot;100&quot;,&quot;step_type&quot;:&quot;number_text&quot;,&quot;step_icon_shape&quot;:&quot;circle&quot;}\" data-widget_type=\"form.default\">\n\t\t\t\t<div class=\"elementor-widget-container\">\n\t\t\t\t\t<form class=\"elementor-form\" method=\"post\" name=\"New Form\">\n\t\t\t<input type=\"hidden\" name=\"post_id\" value=\"171\"\/>\n\t\t\t<input type=\"hidden\" name=\"form_id\" value=\"1f60fdec\"\/>\n\n\t\t\t\n\t\t\t<div class=\"elementor-form-fields-wrapper elementor-labels-\">\n\t\t\t\t\t\t\t\t<div class=\"elementor-field-type-text elementor-field-group elementor-column elementor-field-group-name elementor-col-100\">\n\t\t\t\t\t<label for=\"form-field-name\" class=\"elementor-field-label elementor-screen-only\">Full Name<\/label><input size=\"1\" type=\"text\" name=\"form_fields[name]\" id=\"form-field-name\" class=\"elementor-field elementor-size-md  elementor-field-textual\" placeholder=\"Nombre \">\t\t\t\t<\/div>\n\t\t\t\t\t\t\t\t<div class=\"elementor-field-type-tel elementor-field-group elementor-column elementor-field-group-email elementor-col-100 elementor-field-required\">\n\t\t\t\t\t<label for=\"form-field-email\" class=\"elementor-field-label elementor-screen-only\">Tel\u00e9fono <\/label><input size=\"1\" type=\"tel\" name=\"form_fields[email]\" id=\"form-field-email\" class=\"elementor-field elementor-size-md  elementor-field-textual\" placeholder=\"Tel\u00e9fono \" required=\"required\" aria-required=\"true\" pattern=\"[0-9()#&amp;+*-=.]+\" title=\"Only numbers and phone characters (#, -, *, etc) are accepted.\">\t\t\t\t<\/div>\n\t\t\t\t\t\t\t\t<div class=\"elementor-field-type-email elementor-field-group elementor-column elementor-field-group-field_1 elementor-col-100 elementor-field-required\">\n\t\t\t\t\t<label for=\"form-field-field_1\" class=\"elementor-field-label elementor-screen-only\">Email<\/label><input size=\"1\" type=\"email\" name=\"form_fields[field_1]\" id=\"form-field-field_1\" class=\"elementor-field elementor-size-md  elementor-field-textual\" placeholder=\"Email\" required=\"required\" aria-required=\"true\">\t\t\t\t<\/div>\n\t\t\t\t\t\t\t\t<div class=\"elementor-field-type-textarea elementor-field-group elementor-column elementor-field-group-message elementor-col-100\">\n\t\t\t\t\t<label for=\"form-field-message\" class=\"elementor-field-label elementor-screen-only\">Write Us<\/label><textarea class=\"elementor-field-textual elementor-field  elementor-size-md\" name=\"form_fields[message]\" id=\"form-field-message\" rows=\"4\" placeholder=\"Mas informaci\u00f3n \"><\/textarea>\t\t\t\t<\/div>\n\t\t\t\t\t\t\t\t<div class=\"elementor-field-type-recaptcha_v3 elementor-field-group elementor-column elementor-field-group-field_321417e elementor-col-100 recaptcha_v3-inline\">\n\t\t\t\t\t<div class=\"elementor-field\" id=\"form-field-field_321417e\"><div class=\"elementor-g-recaptcha\" data-sitekey=\"6LcdABAkAAAAAIQf1uT9c-gQR-3Od6ZuNw3NXNhF\" data-type=\"v3\" data-action=\"Form\" data-badge=\"inline\" data-size=\"invisible\"><\/div><\/div>\t\t\t\t<\/div>\n\t\t\t\t\t\t\t\t<div class=\"elementor-field-group elementor-column elementor-field-type-submit elementor-col-100 e-form__buttons\">\n\t\t\t\t\t<button type=\"submit\" class=\"elementor-button elementor-size-md\">\n\t\t\t\t\t\t<span >\n\t\t\t\t\t\t\t\t\t\t\t\t\t\t\t<span class=\"elementor-align-icon-right elementor-button-icon\">\n\t\t\t\t\t\t\t\t\t<i aria-hidden=\"true\" class=\"fas fa-arrow-right\"><\/i>\t\t\t\t\t\t\t\t\t\t\t\t\t\t\t\t\t<\/span>\n\t\t\t\t\t\t\t\t\t\t\t\t\t\t\t\t\t\t\t\t\t\t<span class=\"elementor-button-text\">Enviar <\/span>\n\t\t\t\t\t\t\t\t\t\t\t\t\t<\/span>\n\t\t\t\t\t<\/button>\n\t\t\t\t<\/div>\n\t\t\t<\/div>\n\t\t<\/form>\n\t\t\t\t<\/div>\n\t\t\t\t<\/div>\n\t\t\t\t\t\t<\/div>\n\t\t\t\t\t<\/div>\n\t\t<\/div>\n\t\t\t\t<div class=\"elementor-column elementor-col-50 elementor-top-column elementor-element elementor-element-792acc85\" data-id=\"792acc85\" data-element_type=\"column\">\n\t\t\t<div class=\"elementor-column-wrap elementor-element-populated\">\n\t\t\t\t\t\t\t<div class=\"elementor-widget-wrap\">\n\t\t\t\t\t\t<div class=\"elementor-element elementor-element-52226f12 elementor-widget elementor-widget-heading\" data-id=\"52226f12\" data-element_type=\"widget\" data-widget_type=\"heading.default\">\n\t\t\t\t<div class=\"elementor-widget-container\">\n\t\t\t<h3 class=\"elementor-heading-title elementor-size-default\">CONT\u00c1CTANOS<\/h3>\t\t<\/div>\n\t\t\t\t<\/div>\n\t\t\t\t<div class=\"elementor-element elementor-element-543a65a7 elementor-widget elementor-widget-heading\" data-id=\"543a65a7\" data-element_type=\"widget\" data-widget_type=\"heading.default\">\n\t\t\t\t<div class=\"elementor-widget-container\">\n\t\t\t<h2 class=\"elementor-heading-title elementor-size-default\">Somos especialistas de alto nivel<\/h2>\t\t<\/div>\n\t\t\t\t<\/div>\n\t\t\t\t<div class=\"elementor-element elementor-element-1e2bd7ac elementor-widget elementor-widget-text-editor\" data-id=\"1e2bd7ac\" data-element_type=\"widget\" data-widget_type=\"text-editor.default\">\n\t\t\t\t<div class=\"elementor-widget-container\">\n\t\t\t\t\t<div class=\"elementor-text-editor elementor-clearfix\"><p class=\"p1\"><span class=\"s1\">D\u00e9janos tu correo y n\u00famero telef\u00f3nico para que un especialista se contacte contigo y resuelva todas tus dudas sin costo\u00a0<\/span><\/p><\/div>\n\t\t\t\t<\/div>\n\t\t\t\t<\/div>\n\t\t\t\t<div class=\"elementor-element elementor-element-008b213 elementor-widget elementor-widget-image\" data-id=\"008b213\" data-element_type=\"widget\" data-widget_type=\"image.default\">\n\t\t\t\t<div class=\"elementor-widget-container\">\n\t\t\t\t\t<div class=\"elementor-image\">\n\t\t\t\t\t\t\t\t\t\t\t<a href=\"https:\/\/wa.link\/8tsnbm\">\n\t\t\t\t\t\t\t<img loading=\"lazy\" decoding=\"async\" width=\"422\" height=\"152\" src=\"https:\/\/cirujano-maxilofacial.com\/wp-content\/uploads\/2023\/01\/WHATSAPP.webp\" class=\"attachment-large size-large\" alt=\"\" srcset=\"https:\/\/cirujano-maxilofacial.com\/wp-content\/uploads\/2023\/01\/WHATSAPP.webp 422w, https:\/\/cirujano-maxilofacial.com\/wp-content\/uploads\/2023\/01\/WHATSAPP-300x108.webp 300w\" sizes=\"auto, (max-width: 422px) 100vw, 422px\" \/>\t\t\t\t\t\t\t\t<\/a>\n\t\t\t\t\t\t\t\t\t\t\t<\/div>\n\t\t\t\t<\/div>\n\t\t\t\t<\/div>\n\t\t\t\t\t\t<\/div>\n\t\t\t\t\t<\/div>\n\t\t<\/div>\n\t\t\t\t\t\t\t\t<\/div>\n\t\t\t\t\t<\/div>\n\t\t<\/section>\n\t\t\t\t<section class=\"elementor-section elementor-top-section elementor-element elementor-element-08cadff elementor-section-boxed elementor-section-height-default elementor-section-height-default\" data-id=\"08cadff\" data-element_type=\"section\">\n\t\t\t\t\t\t<div class=\"elementor-container elementor-column-gap-default\">\n\t\t\t\t\t\t\t<div class=\"elementor-row\">\n\t\t\t\t\t<div class=\"elementor-column elementor-col-100 elementor-top-column elementor-element elementor-element-723a516\" data-id=\"723a516\" data-element_type=\"column\">\n\t\t\t<div class=\"elementor-column-wrap elementor-element-populated\">\n\t\t\t\t\t\t\t<div class=\"elementor-widget-wrap\">\n\t\t\t\t\t\t<div class=\"elementor-element elementor-element-c5db857 elementor-widget elementor-widget-spacer\" data-id=\"c5db857\" data-element_type=\"widget\" data-widget_type=\"spacer.default\">\n\t\t\t\t<div class=\"elementor-widget-container\">\n\t\t\t\t\t<div class=\"elementor-spacer\">\n\t\t\t<div class=\"elementor-spacer-inner\"><\/div>\n\t\t<\/div>\n\t\t\t\t<\/div>\n\t\t\t\t<\/div>\n\t\t\t\t<div class=\"elementor-element elementor-element-3839071 elementor-widget elementor-widget-html\" data-id=\"3839071\" data-element_type=\"widget\" data-widget_type=\"html.default\">\n\t\t\t\t<div class=\"elementor-widget-container\">\n\t\t\t<iframe src=\"https:\/\/www.google.com\/maps\/embed?pb=!1m18!1m12!1m3!1d3762.2705822634493!2d-99.16019538468348!3d19.443897345356863!2m3!1f0!2f0!3f0!3m2!1i1024!2i768!4f13.1!3m3!1m2!1s0x85d1f8cff54109ff%3A0x6886d495345446c0!2zTcOpZGljYSBTYW50YSBNYXLDrWE!5e0!3m2!1ses!2smx!4v1673298146309!5m2!1ses!2smx\" width=\"800\" height=\"600\" style=\"border:0;\" allowfullscreen=\"\" loading=\"lazy\" referrerpolicy=\"no-referrer-when-downgrade\"><\/iframe>\t\t<\/div>\n\t\t\t\t<\/div>\n\t\t\t\t<div class=\"elementor-element elementor-element-0018c61 elementor-widget elementor-widget-spacer\" data-id=\"0018c61\" data-element_type=\"widget\" data-widget_type=\"spacer.default\">\n\t\t\t\t<div class=\"elementor-widget-container\">\n\t\t\t\t\t<div class=\"elementor-spacer\">\n\t\t\t<div class=\"elementor-spacer-inner\"><\/div>\n\t\t<\/div>\n\t\t\t\t<\/div>\n\t\t\t\t<\/div>\n\t\t\t\t\t\t<\/div>\n\t\t\t\t\t<\/div>\n\t\t<\/div>\n\t\t\t\t\t\t\t\t<\/div>\n\t\t\t\t\t<\/div>\n\t\t<\/section>\n\t\t\t\t\t\t<\/div>\n\t\t\t\t\t\t<\/div>\n\t\t\t\t\t<\/div>\n\t\t","protected":false},"excerpt":{"rendered":"<p>Cont\u00e1ctanos D\u00e9janos un mensaje y te atenderemos en breve CONT\u00c1CTANOS Somos especialistas de alto nivel D\u00e9janos tu correo y n\u00famero telef\u00f3nico para que un especialista se contacte contigo y resuelva todas tus dudas sin costo\u00a0<\/p>\n","protected":false},"author":1,"featured_media":0,"parent":0,"menu_order":0,"comment_status":"closed","ping_status":"closed","template":"elementor_header_footer","meta":{"_joinchat":[],"footnotes":""},"class_list":["post-171","page","type-page","status-publish","hentry"],"yoast_head":"<!-- This site is optimized with the Yoast SEO plugin v23.9 - https:\/\/yoast.com\/wordpress\/plugins\/seo\/ -->\n<title>Contacto - Cirujano Maxilofacial<\/title>\n<meta name=\"robots\" content=\"index, follow, max-snippet:-1, max-image-preview:large, max-video-preview:-1\" \/>\n<link rel=\"canonical\" href=\"https:\/\/cirujano-maxilofacial.com\/index.php\/contacto\/\" \/>\n<meta property=\"og:locale\" content=\"en_US\" \/>\n<meta property=\"og:type\" content=\"article\" \/>\n<meta property=\"og:title\" content=\"Contacto - Cirujano Maxilofacial\" \/>\n<meta property=\"og:description\" content=\"Cont\u00e1ctanos D\u00e9janos un mensaje y te atenderemos en breve CONT\u00c1CTANOS Somos especialistas de alto nivel D\u00e9janos tu correo y n\u00famero telef\u00f3nico para que un especialista se contacte contigo y resuelva todas tus dudas sin costo\u00a0\" \/>\n<meta property=\"og:url\" content=\"https:\/\/cirujano-maxilofacial.com\/index.php\/contacto\/\" \/>\n<meta property=\"og:site_name\" content=\"Cirujano Maxilofacial\" \/>\n<meta property=\"article:modified_time\" content=\"2025-08-25T14:38:38+00:00\" \/>\n<meta property=\"og:image\" content=\"https:\/\/cirujano-maxilofacial.com\/wp-content\/uploads\/2023\/01\/WHATSAPP.webp\" \/>\n<meta name=\"twitter:card\" content=\"summary_large_image\" \/>\n<meta name=\"twitter:label1\" content=\"Est. reading time\" \/>\n\t<meta name=\"twitter:data1\" content=\"1 minute\" \/>\n<script type=\"application\/ld+json\" class=\"yoast-schema-graph\">{\"@context\":\"https:\/\/schema.org\",\"@graph\":[{\"@type\":\"WebPage\",\"@id\":\"https:\/\/cirujano-maxilofacial.com\/index.php\/contacto\/\",\"url\":\"https:\/\/cirujano-maxilofacial.com\/index.php\/contacto\/\",\"name\":\"Contacto - Cirujano Maxilofacial\",\"isPartOf\":{\"@id\":\"https:\/\/cirujano-maxilofacial.com\/#website\"},\"primaryImageOfPage\":{\"@id\":\"https:\/\/cirujano-maxilofacial.com\/index.php\/contacto\/#primaryimage\"},\"image\":{\"@id\":\"https:\/\/cirujano-maxilofacial.com\/index.php\/contacto\/#primaryimage\"},\"thumbnailUrl\":\"https:\/\/cirujano-maxilofacial.com\/wp-content\/uploads\/2023\/01\/WHATSAPP.webp\",\"datePublished\":\"2023-01-06T02:29:58+00:00\",\"dateModified\":\"2025-08-25T14:38:38+00:00\",\"breadcrumb\":{\"@id\":\"https:\/\/cirujano-maxilofacial.com\/index.php\/contacto\/#breadcrumb\"},\"inLanguage\":\"en-US\",\"potentialAction\":[{\"@type\":\"ReadAction\",\"target\":[\"https:\/\/cirujano-maxilofacial.com\/index.php\/contacto\/\"]}]},{\"@type\":\"ImageObject\",\"inLanguage\":\"en-US\",\"@id\":\"https:\/\/cirujano-maxilofacial.com\/index.php\/contacto\/#primaryimage\",\"url\":\"https:\/\/cirujano-maxilofacial.com\/wp-content\/uploads\/2023\/01\/WHATSAPP.webp\",\"contentUrl\":\"https:\/\/cirujano-maxilofacial.com\/wp-content\/uploads\/2023\/01\/WHATSAPP.webp\",\"width\":422,\"height\":152},{\"@type\":\"BreadcrumbList\",\"@id\":\"https:\/\/cirujano-maxilofacial.com\/index.php\/contacto\/#breadcrumb\",\"itemListElement\":[{\"@type\":\"ListItem\",\"position\":1,\"name\":\"Portada\",\"item\":\"https:\/\/cirujano-maxilofacial.com\/\"},{\"@type\":\"ListItem\",\"position\":2,\"name\":\"Contacto\"}]},{\"@type\":\"WebSite\",\"@id\":\"https:\/\/cirujano-maxilofacial.com\/#website\",\"url\":\"https:\/\/cirujano-maxilofacial.com\/\",\"name\":\"Cirujano Maxilofacial\",\"description\":\"\",\"potentialAction\":[{\"@type\":\"SearchAction\",\"target\":{\"@type\":\"EntryPoint\",\"urlTemplate\":\"https:\/\/cirujano-maxilofacial.com\/?s={search_term_string}\"},\"query-input\":{\"@type\":\"PropertyValueSpecification\",\"valueRequired\":true,\"valueName\":\"search_term_string\"}}],\"inLanguage\":\"en-US\"}]}<\/script>\n<!-- \/ Yoast SEO plugin. -->","yoast_head_json":{"title":"Contacto - Cirujano Maxilofacial","robots":{"index":"index","follow":"follow","max-snippet":"max-snippet:-1","max-image-preview":"max-image-preview:large","max-video-preview":"max-video-preview:-1"},"canonical":"https:\/\/cirujano-maxilofacial.com\/index.php\/contacto\/","og_locale":"en_US","og_type":"article","og_title":"Contacto - Cirujano Maxilofacial","og_description":"Cont\u00e1ctanos D\u00e9janos un mensaje y te atenderemos en breve CONT\u00c1CTANOS Somos especialistas de alto nivel D\u00e9janos tu correo y n\u00famero telef\u00f3nico para que un especialista se contacte contigo y resuelva todas tus dudas sin costo\u00a0","og_url":"https:\/\/cirujano-maxilofacial.com\/index.php\/contacto\/","og_site_name":"Cirujano Maxilofacial","article_modified_time":"2025-08-25T14:38:38+00:00","og_image":[{"url":"https:\/\/cirujano-maxilofacial.com\/wp-content\/uploads\/2023\/01\/WHATSAPP.webp"}],"twitter_card":"summary_large_image","twitter_misc":{"Est. reading time":"1 minute"},"schema":{"@context":"https:\/\/schema.org","@graph":[{"@type":"WebPage","@id":"https:\/\/cirujano-maxilofacial.com\/index.php\/contacto\/","url":"https:\/\/cirujano-maxilofacial.com\/index.php\/contacto\/","name":"Contacto - Cirujano Maxilofacial","isPartOf":{"@id":"https:\/\/cirujano-maxilofacial.com\/#website"},"primaryImageOfPage":{"@id":"https:\/\/cirujano-maxilofacial.com\/index.php\/contacto\/#primaryimage"},"image":{"@id":"https:\/\/cirujano-maxilofacial.com\/index.php\/contacto\/#primaryimage"},"thumbnailUrl":"https:\/\/cirujano-maxilofacial.com\/wp-content\/uploads\/2023\/01\/WHATSAPP.webp","datePublished":"2023-01-06T02:29:58+00:00","dateModified":"2025-08-25T14:38:38+00:00","breadcrumb":{"@id":"https:\/\/cirujano-maxilofacial.com\/index.php\/contacto\/#breadcrumb"},"inLanguage":"en-US","potentialAction":[{"@type":"ReadAction","target":["https:\/\/cirujano-maxilofacial.com\/index.php\/contacto\/"]}]},{"@type":"ImageObject","inLanguage":"en-US","@id":"https:\/\/cirujano-maxilofacial.com\/index.php\/contacto\/#primaryimage","url":"https:\/\/cirujano-maxilofacial.com\/wp-content\/uploads\/2023\/01\/WHATSAPP.webp","contentUrl":"https:\/\/cirujano-maxilofacial.com\/wp-content\/uploads\/2023\/01\/WHATSAPP.webp","width":422,"height":152},{"@type":"BreadcrumbList","@id":"https:\/\/cirujano-maxilofacial.com\/index.php\/contacto\/#breadcrumb","itemListElement":[{"@type":"ListItem","position":1,"name":"Portada","item":"https:\/\/cirujano-maxilofacial.com\/"},{"@type":"ListItem","position":2,"name":"Contacto"}]},{"@type":"WebSite","@id":"https:\/\/cirujano-maxilofacial.com\/#website","url":"https:\/\/cirujano-maxilofacial.com\/","name":"Cirujano Maxilofacial","description":"","potentialAction":[{"@type":"SearchAction","target":{"@type":"EntryPoint","urlTemplate":"https:\/\/cirujano-maxilofacial.com\/?s={search_term_string}"},"query-input":{"@type":"PropertyValueSpecification","valueRequired":true,"valueName":"search_term_string"}}],"inLanguage":"en-US"}]}},"_links":{"self":[{"href":"https:\/\/cirujano-maxilofacial.com\/index.php\/wp-json\/wp\/v2\/pages\/171","targetHints":{"allow":["GET"]}}],"collection":[{"href":"https:\/\/cirujano-maxilofacial.com\/index.php\/wp-json\/wp\/v2\/pages"}],"about":[{"href":"https:\/\/cirujano-maxilofacial.com\/index.php\/wp-json\/wp\/v2\/types\/page"}],"author":[{"embeddable":true,"href":"https:\/\/cirujano-maxilofacial.com\/index.php\/wp-json\/wp\/v2\/users\/1"}],"replies":[{"embeddable":true,"href":"https:\/\/cirujano-maxilofacial.com\/index.php\/wp-json\/wp\/v2\/comments?post=171"}],"version-history":[{"count":58,"href":"https:\/\/cirujano-maxilofacial.com\/index.php\/wp-json\/wp\/v2\/pages\/171\/revisions"}],"predecessor-version":[{"id":710,"href":"https:\/\/cirujano-maxilofacial.com\/index.php\/wp-json\/wp\/v2\/pages\/171\/revisions\/710"}],"wp:attachment":[{"href":"https:\/\/cirujano-maxilofacial.com\/index.php\/wp-json\/wp\/v2\/media?parent=171"}],"curies":[{"name":"wp","href":"https:\/\/api.w.org\/{rel}","templated":true}]}}