{"id":217,"date":"2023-01-09T21:02:43","date_gmt":"2023-01-09T21:02:43","guid":{"rendered":"http:\/\/cirujano-maxilofacial.com\/?page_id=217"},"modified":"2023-01-27T17:00:42","modified_gmt":"2023-01-27T17:00:42","slug":"agenda-una-cita","status":"publish","type":"page","link":"https:\/\/cirujano-maxilofacial.com\/index.php\/agenda-una-cita\/","title":{"rendered":"Agenda una cita"},"content":{"rendered":"\t\t<div data-elementor-type=\"wp-page\" data-elementor-id=\"217\" class=\"elementor elementor-217\" data-elementor-settings=\"[]\">\n\t\t\t\t\t\t<div class=\"elementor-inner\">\n\t\t\t\t\t\t\t<div class=\"elementor-section-wrap\">\n\t\t\t\t\t\t\t<section class=\"elementor-section elementor-top-section elementor-element elementor-element-39ca6bba elementor-section-height-min-height elementor-section-content-middle elementor-section-boxed elementor-section-height-default elementor-section-items-middle\" data-id=\"39ca6bba\" data-element_type=\"section\" data-settings=\"{&quot;background_background&quot;:&quot;classic&quot;}\">\n\t\t\t\t\t\t\t<div class=\"elementor-background-overlay\"><\/div>\n\t\t\t\t\t\t\t<div class=\"elementor-container elementor-column-gap-no\">\n\t\t\t\t\t\t\t<div class=\"elementor-row\">\n\t\t\t\t\t<div class=\"elementor-column elementor-col-100 elementor-top-column elementor-element elementor-element-69913e31 elementor-invisible\" data-id=\"69913e31\" data-element_type=\"column\" data-settings=\"{&quot;animation&quot;:&quot;fadeIn&quot;}\">\n\t\t\t<div class=\"elementor-column-wrap elementor-element-populated\">\n\t\t\t\t\t\t\t<div class=\"elementor-widget-wrap\">\n\t\t\t\t\t\t<div class=\"elementor-element elementor-element-146806a5 elementor-widget elementor-widget-spacer\" data-id=\"146806a5\" data-element_type=\"widget\" data-widget_type=\"spacer.default\">\n\t\t\t\t<div class=\"elementor-widget-container\">\n\t\t\t\t\t<div class=\"elementor-spacer\">\n\t\t\t<div class=\"elementor-spacer-inner\"><\/div>\n\t\t<\/div>\n\t\t\t\t<\/div>\n\t\t\t\t<\/div>\n\t\t\t\t<div class=\"elementor-element elementor-element-235e9ae2 elementor-widget elementor-widget-heading\" data-id=\"235e9ae2\" data-element_type=\"widget\" data-widget_type=\"heading.default\">\n\t\t\t\t<div class=\"elementor-widget-container\">\n\t\t\t<h2 class=\"elementor-heading-title elementor-size-default\">Agenda una cita <\/h2>\t\t<\/div>\n\t\t\t\t<\/div>\n\t\t\t\t<div class=\"elementor-element elementor-element-18011db3 elementor-widget elementor-widget-heading\" data-id=\"18011db3\" data-element_type=\"widget\" data-widget_type=\"heading.default\">\n\t\t\t\t<div class=\"elementor-widget-container\">\n\t\t\t<h3 class=\"elementor-heading-title elementor-size-default\">Te llamaremos para confirmar<\/h3>\t\t<\/div>\n\t\t\t\t<\/div>\n\t\t\t\t<section class=\"elementor-section elementor-inner-section elementor-element elementor-element-f71ab26 elementor-section-boxed elementor-section-height-default elementor-section-height-default\" data-id=\"f71ab26\" data-element_type=\"section\">\n\t\t\t\t\t\t<div class=\"elementor-container elementor-column-gap-default\">\n\t\t\t\t\t\t\t<div class=\"elementor-row\">\n\t\t\t\t\t<div class=\"elementor-column elementor-col-50 elementor-inner-column elementor-element elementor-element-33140e4\" data-id=\"33140e4\" data-element_type=\"column\">\n\t\t\t<div class=\"elementor-column-wrap elementor-element-populated\">\n\t\t\t\t\t\t\t<div class=\"elementor-widget-wrap\">\n\t\t\t\t\t\t<div class=\"elementor-element elementor-element-bf089ef elementor-align-right elementor-mobile-align-center elementor-widget elementor-widget-button\" data-id=\"bf089ef\" data-element_type=\"widget\" data-widget_type=\"button.default\">\n\t\t\t\t<div class=\"elementor-widget-container\">\n\t\t\t\t\t<div class=\"elementor-button-wrapper\">\n\t\t\t<a href=\"tel:5557822858\" class=\"elementor-button-link elementor-button elementor-size-lg\" role=\"button\">\n\t\t\t\t\t\t<span class=\"elementor-button-content-wrapper\">\n\t\t\t\t\t\t<span class=\"elementor-button-text\">Ll\u00e1manos <\/span>\n\t\t<\/span>\n\t\t\t\t\t<\/a>\n\t\t<\/div>\n\t\t\t\t<\/div>\n\t\t\t\t<\/div>\n\t\t\t\t\t\t<\/div>\n\t\t\t\t\t<\/div>\n\t\t<\/div>\n\t\t\t\t<div class=\"elementor-column elementor-col-50 elementor-inner-column elementor-element elementor-element-f2e4086\" data-id=\"f2e4086\" data-element_type=\"column\">\n\t\t\t<div class=\"elementor-column-wrap elementor-element-populated\">\n\t\t\t\t\t\t\t<div class=\"elementor-widget-wrap\">\n\t\t\t\t\t\t<div class=\"elementor-element elementor-element-8f2d7d5 elementor-align-left elementor-mobile-align-center elementor-widget elementor-widget-button\" data-id=\"8f2d7d5\" data-element_type=\"widget\" data-widget_type=\"button.default\">\n\t\t\t\t<div class=\"elementor-widget-container\">\n\t\t\t\t\t<div class=\"elementor-button-wrapper\">\n\t\t\t<a href=\"https:\/\/wa.link\/sn3d4c\" class=\"elementor-button-link elementor-button elementor-size-lg\" role=\"button\">\n\t\t\t\t\t\t<span class=\"elementor-button-content-wrapper\">\n\t\t\t\t\t\t<span class=\"elementor-button-text\">Whastapp<\/span>\n\t\t<\/span>\n\t\t\t\t\t<\/a>\n\t\t<\/div>\n\t\t\t\t<\/div>\n\t\t\t\t<\/div>\n\t\t\t\t\t\t<\/div>\n\t\t\t\t\t<\/div>\n\t\t<\/div>\n\t\t\t\t\t\t\t\t<\/div>\n\t\t\t\t\t<\/div>\n\t\t<\/section>\n\t\t\t\t<div class=\"elementor-element elementor-element-45ee5981 elementor-widget elementor-widget-spacer\" data-id=\"45ee5981\" data-element_type=\"widget\" data-widget_type=\"spacer.default\">\n\t\t\t\t<div class=\"elementor-widget-container\">\n\t\t\t\t\t<div class=\"elementor-spacer\">\n\t\t\t<div class=\"elementor-spacer-inner\"><\/div>\n\t\t<\/div>\n\t\t\t\t<\/div>\n\t\t\t\t<\/div>\n\t\t\t\t\t\t<\/div>\n\t\t\t\t\t<\/div>\n\t\t<\/div>\n\t\t\t\t\t\t\t\t<\/div>\n\t\t\t\t\t<\/div>\n\t\t<\/section>\n\t\t\t\t<section class=\"elementor-section elementor-top-section elementor-element elementor-element-2412a00b elementor-section-content-middle elementor-section-boxed elementor-section-height-default elementor-section-height-default\" data-id=\"2412a00b\" data-element_type=\"section\" data-settings=\"{&quot;background_background&quot;:&quot;classic&quot;}\">\n\t\t\t\t\t\t<div class=\"elementor-container elementor-column-gap-no\">\n\t\t\t\t\t\t\t<div class=\"elementor-row\">\n\t\t\t\t\t<div class=\"elementor-column elementor-col-100 elementor-top-column elementor-element elementor-element-412cacd\" data-id=\"412cacd\" data-element_type=\"column\">\n\t\t\t<div class=\"elementor-column-wrap elementor-element-populated\">\n\t\t\t\t\t\t\t<div class=\"elementor-widget-wrap\">\n\t\t\t\t\t\t<div class=\"elementor-element elementor-element-165145eb elementor-widget elementor-widget-spacer\" data-id=\"165145eb\" data-element_type=\"widget\" data-widget_type=\"spacer.default\">\n\t\t\t\t<div class=\"elementor-widget-container\">\n\t\t\t\t\t<div class=\"elementor-spacer\">\n\t\t\t<div class=\"elementor-spacer-inner\"><\/div>\n\t\t<\/div>\n\t\t\t\t<\/div>\n\t\t\t\t<\/div>\n\t\t\t\t<div class=\"elementor-element elementor-element-2ae4bf83 elementor-widget elementor-widget-heading\" data-id=\"2ae4bf83\" data-element_type=\"widget\" data-widget_type=\"heading.default\">\n\t\t\t\t<div class=\"elementor-widget-container\">\n\t\t\t<h4 class=\"elementor-heading-title elementor-size-default\">Seleccion la fecha y hora<\/h4>\t\t<\/div>\n\t\t\t\t<\/div>\n\t\t\t\t<div class=\"elementor-element elementor-element-56585d5f elementor-widget elementor-widget-heading\" data-id=\"56585d5f\" data-element_type=\"widget\" data-widget_type=\"heading.default\">\n\t\t\t\t<div class=\"elementor-widget-container\">\n\t\t\t<h5 class=\"elementor-heading-title elementor-size-default\">En manos de especialistas certificados. Agenda tu cita de valoraci\u00f3n<\/h5>\t\t<\/div>\n\t\t\t\t<\/div>\n\t\t\t\t<div class=\"elementor-element elementor-element-4880a7f elementor-widget elementor-widget-image\" data-id=\"4880a7f\" data-element_type=\"widget\" data-widget_type=\"image.default\">\n\t\t\t\t<div class=\"elementor-widget-container\">\n\t\t\t\t\t<div class=\"elementor-image\">\n\t\t\t\t\t\t\t\t\t\t<img loading=\"lazy\" decoding=\"async\" width=\"209\" height=\"98\" src=\"https:\/\/cirujano-maxilofacial.com\/wp-content\/uploads\/2023\/01\/CIRUJANO-5-2.png\" class=\"attachment-large size-large\" alt=\"\" \/>\t\t\t\t\t\t\t\t\t\t\t<\/div>\n\t\t\t\t<\/div>\n\t\t\t\t<\/div>\n\t\t\t\t\t\t<\/div>\n\t\t\t\t\t<\/div>\n\t\t<\/div>\n\t\t\t\t\t\t\t\t<\/div>\n\t\t\t\t\t<\/div>\n\t\t<\/section>\n\t\t\t\t<section class=\"elementor-section elementor-top-section elementor-element elementor-element-0bc0b0b elementor-section-boxed elementor-section-height-default elementor-section-height-default\" data-id=\"0bc0b0b\" data-element_type=\"section\">\n\t\t\t\t\t\t<div class=\"elementor-container elementor-column-gap-default\">\n\t\t\t\t\t\t\t<div class=\"elementor-row\">\n\t\t\t\t\t<div class=\"elementor-column elementor-col-100 elementor-top-column elementor-element elementor-element-72efd0c\" data-id=\"72efd0c\" data-element_type=\"column\">\n\t\t\t<div class=\"elementor-column-wrap elementor-element-populated\">\n\t\t\t\t\t\t\t<div class=\"elementor-widget-wrap\">\n\t\t\t\t\t\t<div class=\"elementor-element elementor-element-394b528 elementor-widget elementor-widget-spacer\" data-id=\"394b528\" data-element_type=\"widget\" data-widget_type=\"spacer.default\">\n\t\t\t\t<div class=\"elementor-widget-container\">\n\t\t\t\t\t<div class=\"elementor-spacer\">\n\t\t\t<div class=\"elementor-spacer-inner\"><\/div>\n\t\t<\/div>\n\t\t\t\t<\/div>\n\t\t\t\t<\/div>\n\t\t\t\t\t\t<\/div>\n\t\t\t\t\t<\/div>\n\t\t<\/div>\n\t\t\t\t\t\t\t\t<\/div>\n\t\t\t\t\t<\/div>\n\t\t<\/section>\n\t\t\t\t<section class=\"elementor-section elementor-top-section elementor-element elementor-element-e2efe15 elementor-section-boxed elementor-section-height-default elementor-section-height-default\" data-id=\"e2efe15\" data-element_type=\"section\">\n\t\t\t\t\t\t<div class=\"elementor-container elementor-column-gap-default\">\n\t\t\t\t\t\t\t<div class=\"elementor-row\">\n\t\t\t\t\t<div class=\"elementor-column elementor-col-100 elementor-top-column elementor-element elementor-element-9d08648\" data-id=\"9d08648\" data-element_type=\"column\">\n\t\t\t<div class=\"elementor-column-wrap elementor-element-populated\">\n\t\t\t\t\t\t\t<div class=\"elementor-widget-wrap\">\n\t\t\t\t\t\t<div class=\"elementor-element elementor-element-6064883 elementor-widget elementor-widget-html\" data-id=\"6064883\" data-element_type=\"widget\" data-widget_type=\"html.default\">\n\t\t\t\t<div class=\"elementor-widget-container\">\n\t\t\t<!-- Principio del widget integrado de Calendly -->\r\n<div class=\"calendly-inline-widget\" data-url=\"https:\/\/calendly.com\/cirujano-maxilofacial\/30min\" style=\"min-width:340px;height:690px;\"><\/div>\r\n<script type=\"text\/javascript\" src=\"https:\/\/assets.calendly.com\/assets\/external\/widget.js\" async><\/script>\r\n<!-- Final del widget integrado de Calendly -->\t\t<\/div>\n\t\t\t\t<\/div>\n\t\t\t\t\t\t<\/div>\n\t\t\t\t\t<\/div>\n\t\t<\/div>\n\t\t\t\t\t\t\t\t<\/div>\n\t\t\t\t\t<\/div>\n\t\t<\/section>\n\t\t\t\t<section class=\"elementor-section elementor-top-section elementor-element elementor-element-6bd0102 elementor-section-content-middle elementor-section-boxed elementor-section-height-default elementor-section-height-default\" data-id=\"6bd0102\" data-element_type=\"section\" data-settings=\"{&quot;background_background&quot;:&quot;classic&quot;}\">\n\t\t\t\t\t\t<div class=\"elementor-container elementor-column-gap-no\">\n\t\t\t\t\t\t\t<div class=\"elementor-row\">\n\t\t\t\t\t<div class=\"elementor-column elementor-col-100 elementor-top-column elementor-element elementor-element-6a686f8\" data-id=\"6a686f8\" data-element_type=\"column\">\n\t\t\t<div class=\"elementor-column-wrap elementor-element-populated\">\n\t\t\t\t\t\t\t<div class=\"elementor-widget-wrap\">\n\t\t\t\t\t\t<div class=\"elementor-element elementor-element-79aebcf elementor-widget elementor-widget-spacer\" data-id=\"79aebcf\" data-element_type=\"widget\" data-widget_type=\"spacer.default\">\n\t\t\t\t<div class=\"elementor-widget-container\">\n\t\t\t\t\t<div class=\"elementor-spacer\">\n\t\t\t<div class=\"elementor-spacer-inner\"><\/div>\n\t\t<\/div>\n\t\t\t\t<\/div>\n\t\t\t\t<\/div>\n\t\t\t\t<div class=\"elementor-element elementor-element-5f512a9 elementor-widget elementor-widget-heading\" data-id=\"5f512a9\" data-element_type=\"widget\" data-widget_type=\"heading.default\">\n\t\t\t\t<div class=\"elementor-widget-container\">\n\t\t\t<h4 class=\"elementor-heading-title elementor-size-default\">Si no tienes correo, env\u00edanos un WhatsApp para agendar directamente<\/h4>\t\t<\/div>\n\t\t\t\t<\/div>\n\t\t\t\t<div class=\"elementor-element elementor-element-ed12539 elementor-widget elementor-widget-heading\" data-id=\"ed12539\" data-element_type=\"widget\" data-widget_type=\"heading.default\">\n\t\t\t\t<div class=\"elementor-widget-container\">\n\t\t\t<h5 class=\"elementor-heading-title elementor-size-default\">En manos de especialistas certificados. Agenda tu cita de valoraci\u00f3n<\/h5>\t\t<\/div>\n\t\t\t\t<\/div>\n\t\t\t\t\t\t<\/div>\n\t\t\t\t\t<\/div>\n\t\t<\/div>\n\t\t\t\t\t\t\t\t<\/div>\n\t\t\t\t\t<\/div>\n\t\t<\/section>\n\t\t\t\t<section class=\"elementor-section elementor-top-section elementor-element elementor-element-be2b36a elementor-section-boxed elementor-section-height-default elementor-section-height-default\" data-id=\"be2b36a\" data-element_type=\"section\">\n\t\t\t\t\t\t<div class=\"elementor-container elementor-column-gap-default\">\n\t\t\t\t\t\t\t<div class=\"elementor-row\">\n\t\t\t\t\t<div class=\"elementor-column elementor-col-100 elementor-top-column elementor-element elementor-element-0c1d671\" data-id=\"0c1d671\" data-element_type=\"column\">\n\t\t\t<div class=\"elementor-column-wrap elementor-element-populated\">\n\t\t\t\t\t\t\t<div class=\"elementor-widget-wrap\">\n\t\t\t\t\t\t<div class=\"elementor-element elementor-element-3934311 elementor-widget elementor-widget-spacer\" data-id=\"3934311\" data-element_type=\"widget\" data-widget_type=\"spacer.default\">\n\t\t\t\t<div class=\"elementor-widget-container\">\n\t\t\t\t\t<div class=\"elementor-spacer\">\n\t\t\t<div class=\"elementor-spacer-inner\"><\/div>\n\t\t<\/div>\n\t\t\t\t<\/div>\n\t\t\t\t<\/div>\n\t\t\t\t\t\t<\/div>\n\t\t\t\t\t<\/div>\n\t\t<\/div>\n\t\t\t\t\t\t\t\t<\/div>\n\t\t\t\t\t<\/div>\n\t\t<\/section>\n\t\t\t\t<section class=\"elementor-section elementor-top-section elementor-element elementor-element-c3ede9e elementor-section-boxed elementor-section-height-default elementor-section-height-default\" data-id=\"c3ede9e\" data-element_type=\"section\">\n\t\t\t\t\t\t<div class=\"elementor-container elementor-column-gap-default\">\n\t\t\t\t\t\t\t<div class=\"elementor-row\">\n\t\t\t\t\t<div class=\"elementor-column elementor-col-100 elementor-top-column elementor-element elementor-element-21afedb\" data-id=\"21afedb\" data-element_type=\"column\">\n\t\t\t<div class=\"elementor-column-wrap elementor-element-populated\">\n\t\t\t\t\t\t\t<div class=\"elementor-widget-wrap\">\n\t\t\t\t\t\t<div class=\"elementor-element elementor-element-7485b92 elementor-widget elementor-widget-image\" data-id=\"7485b92\" data-element_type=\"widget\" data-widget_type=\"image.default\">\n\t\t\t\t<div class=\"elementor-widget-container\">\n\t\t\t\t\t<div class=\"elementor-image\">\n\t\t\t\t\t\t\t\t\t\t\t<a href=\"https:\/\/api.whatsapp.com\/send?phone=5215572218397\">\n\t\t\t\t\t\t\t<img loading=\"lazy\" decoding=\"async\" width=\"422\" height=\"152\" src=\"https:\/\/cirujano-maxilofacial.com\/wp-content\/uploads\/2023\/01\/WHATSAPP.webp\" class=\"attachment-large size-large\" alt=\"\" srcset=\"https:\/\/cirujano-maxilofacial.com\/wp-content\/uploads\/2023\/01\/WHATSAPP.webp 422w, https:\/\/cirujano-maxilofacial.com\/wp-content\/uploads\/2023\/01\/WHATSAPP-300x108.webp 300w\" sizes=\"auto, (max-width: 422px) 100vw, 422px\" \/>\t\t\t\t\t\t\t\t<\/a>\n\t\t\t\t\t\t\t\t\t\t\t<\/div>\n\t\t\t\t<\/div>\n\t\t\t\t<\/div>\n\t\t\t\t\t\t<\/div>\n\t\t\t\t\t<\/div>\n\t\t<\/div>\n\t\t\t\t\t\t\t\t<\/div>\n\t\t\t\t\t<\/div>\n\t\t<\/section>\n\t\t\t\t\t\t<\/div>\n\t\t\t\t\t\t<\/div>\n\t\t\t\t\t<\/div>\n\t\t","protected":false},"excerpt":{"rendered":"<p>Agenda una cita Te llamaremos para confirmar Ll\u00e1manos Whastapp Seleccion la fecha y hora En manos de especialistas certificados. Agenda tu cita de valoraci\u00f3n Si no tienes correo, env\u00edanos un WhatsApp para agendar directamente En manos de especialistas certificados. Agenda tu cita de valoraci\u00f3n<\/p>\n","protected":false},"author":1,"featured_media":0,"parent":0,"menu_order":0,"comment_status":"closed","ping_status":"closed","template":"elementor_header_footer","meta":{"_joinchat":[],"footnotes":""},"class_list":["post-217","page","type-page","status-publish","hentry"],"yoast_head":"<!-- This site is optimized with the Yoast SEO plugin v23.9 - https:\/\/yoast.com\/wordpress\/plugins\/seo\/ -->\n<title>Agenda una cita - Cirujano Maxilofacial<\/title>\n<meta name=\"robots\" content=\"index, follow, max-snippet:-1, max-image-preview:large, max-video-preview:-1\" \/>\n<link rel=\"canonical\" href=\"https:\/\/cirujano-maxilofacial.com\/index.php\/agenda-una-cita\/\" \/>\n<meta property=\"og:locale\" content=\"en_US\" \/>\n<meta property=\"og:type\" content=\"article\" \/>\n<meta property=\"og:title\" content=\"Agenda una cita - Cirujano Maxilofacial\" \/>\n<meta property=\"og:description\" content=\"Agenda una cita Te llamaremos para confirmar Ll\u00e1manos Whastapp Seleccion la fecha y hora En manos de especialistas certificados. Agenda tu cita de valoraci\u00f3n Si no tienes correo, env\u00edanos un WhatsApp para agendar directamente En manos de especialistas certificados. Agenda tu cita de valoraci\u00f3n\" \/>\n<meta property=\"og:url\" content=\"https:\/\/cirujano-maxilofacial.com\/index.php\/agenda-una-cita\/\" \/>\n<meta property=\"og:site_name\" content=\"Cirujano Maxilofacial\" \/>\n<meta property=\"article:modified_time\" content=\"2023-01-27T17:00:42+00:00\" \/>\n<meta property=\"og:image\" content=\"https:\/\/cirujano-maxilofacial.com\/wp-content\/uploads\/2023\/01\/CIRUJANO-5-2.png\" \/>\n<meta name=\"twitter:card\" content=\"summary_large_image\" \/>\n<meta name=\"twitter:label1\" content=\"Est. reading time\" \/>\n\t<meta name=\"twitter:data1\" content=\"1 minute\" \/>\n<script type=\"application\/ld+json\" class=\"yoast-schema-graph\">{\"@context\":\"https:\/\/schema.org\",\"@graph\":[{\"@type\":\"WebPage\",\"@id\":\"https:\/\/cirujano-maxilofacial.com\/index.php\/agenda-una-cita\/\",\"url\":\"https:\/\/cirujano-maxilofacial.com\/index.php\/agenda-una-cita\/\",\"name\":\"Agenda una cita - Cirujano Maxilofacial\",\"isPartOf\":{\"@id\":\"https:\/\/cirujano-maxilofacial.com\/#website\"},\"primaryImageOfPage\":{\"@id\":\"https:\/\/cirujano-maxilofacial.com\/index.php\/agenda-una-cita\/#primaryimage\"},\"image\":{\"@id\":\"https:\/\/cirujano-maxilofacial.com\/index.php\/agenda-una-cita\/#primaryimage\"},\"thumbnailUrl\":\"https:\/\/cirujano-maxilofacial.com\/wp-content\/uploads\/2023\/01\/CIRUJANO-5-2.png\",\"datePublished\":\"2023-01-09T21:02:43+00:00\",\"dateModified\":\"2023-01-27T17:00:42+00:00\",\"breadcrumb\":{\"@id\":\"https:\/\/cirujano-maxilofacial.com\/index.php\/agenda-una-cita\/#breadcrumb\"},\"inLanguage\":\"en-US\",\"potentialAction\":[{\"@type\":\"ReadAction\",\"target\":[\"https:\/\/cirujano-maxilofacial.com\/index.php\/agenda-una-cita\/\"]}]},{\"@type\":\"ImageObject\",\"inLanguage\":\"en-US\",\"@id\":\"https:\/\/cirujano-maxilofacial.com\/index.php\/agenda-una-cita\/#primaryimage\",\"url\":\"https:\/\/cirujano-maxilofacial.com\/wp-content\/uploads\/2023\/01\/CIRUJANO-5-2.png\",\"contentUrl\":\"https:\/\/cirujano-maxilofacial.com\/wp-content\/uploads\/2023\/01\/CIRUJANO-5-2.png\",\"width\":209,\"height\":98},{\"@type\":\"BreadcrumbList\",\"@id\":\"https:\/\/cirujano-maxilofacial.com\/index.php\/agenda-una-cita\/#breadcrumb\",\"itemListElement\":[{\"@type\":\"ListItem\",\"position\":1,\"name\":\"Portada\",\"item\":\"https:\/\/cirujano-maxilofacial.com\/\"},{\"@type\":\"ListItem\",\"position\":2,\"name\":\"Agenda una cita\"}]},{\"@type\":\"WebSite\",\"@id\":\"https:\/\/cirujano-maxilofacial.com\/#website\",\"url\":\"https:\/\/cirujano-maxilofacial.com\/\",\"name\":\"Cirujano Maxilofacial\",\"description\":\"\",\"potentialAction\":[{\"@type\":\"SearchAction\",\"target\":{\"@type\":\"EntryPoint\",\"urlTemplate\":\"https:\/\/cirujano-maxilofacial.com\/?s={search_term_string}\"},\"query-input\":{\"@type\":\"PropertyValueSpecification\",\"valueRequired\":true,\"valueName\":\"search_term_string\"}}],\"inLanguage\":\"en-US\"}]}<\/script>\n<!-- \/ Yoast SEO plugin. -->","yoast_head_json":{"title":"Agenda una cita - Cirujano Maxilofacial","robots":{"index":"index","follow":"follow","max-snippet":"max-snippet:-1","max-image-preview":"max-image-preview:large","max-video-preview":"max-video-preview:-1"},"canonical":"https:\/\/cirujano-maxilofacial.com\/index.php\/agenda-una-cita\/","og_locale":"en_US","og_type":"article","og_title":"Agenda una cita - Cirujano Maxilofacial","og_description":"Agenda una cita Te llamaremos para confirmar Ll\u00e1manos Whastapp Seleccion la fecha y hora En manos de especialistas certificados. Agenda tu cita de valoraci\u00f3n Si no tienes correo, env\u00edanos un WhatsApp para agendar directamente En manos de especialistas certificados. Agenda tu cita de valoraci\u00f3n","og_url":"https:\/\/cirujano-maxilofacial.com\/index.php\/agenda-una-cita\/","og_site_name":"Cirujano Maxilofacial","article_modified_time":"2023-01-27T17:00:42+00:00","og_image":[{"url":"https:\/\/cirujano-maxilofacial.com\/wp-content\/uploads\/2023\/01\/CIRUJANO-5-2.png"}],"twitter_card":"summary_large_image","twitter_misc":{"Est. reading time":"1 minute"},"schema":{"@context":"https:\/\/schema.org","@graph":[{"@type":"WebPage","@id":"https:\/\/cirujano-maxilofacial.com\/index.php\/agenda-una-cita\/","url":"https:\/\/cirujano-maxilofacial.com\/index.php\/agenda-una-cita\/","name":"Agenda una cita - Cirujano Maxilofacial","isPartOf":{"@id":"https:\/\/cirujano-maxilofacial.com\/#website"},"primaryImageOfPage":{"@id":"https:\/\/cirujano-maxilofacial.com\/index.php\/agenda-una-cita\/#primaryimage"},"image":{"@id":"https:\/\/cirujano-maxilofacial.com\/index.php\/agenda-una-cita\/#primaryimage"},"thumbnailUrl":"https:\/\/cirujano-maxilofacial.com\/wp-content\/uploads\/2023\/01\/CIRUJANO-5-2.png","datePublished":"2023-01-09T21:02:43+00:00","dateModified":"2023-01-27T17:00:42+00:00","breadcrumb":{"@id":"https:\/\/cirujano-maxilofacial.com\/index.php\/agenda-una-cita\/#breadcrumb"},"inLanguage":"en-US","potentialAction":[{"@type":"ReadAction","target":["https:\/\/cirujano-maxilofacial.com\/index.php\/agenda-una-cita\/"]}]},{"@type":"ImageObject","inLanguage":"en-US","@id":"https:\/\/cirujano-maxilofacial.com\/index.php\/agenda-una-cita\/#primaryimage","url":"https:\/\/cirujano-maxilofacial.com\/wp-content\/uploads\/2023\/01\/CIRUJANO-5-2.png","contentUrl":"https:\/\/cirujano-maxilofacial.com\/wp-content\/uploads\/2023\/01\/CIRUJANO-5-2.png","width":209,"height":98},{"@type":"BreadcrumbList","@id":"https:\/\/cirujano-maxilofacial.com\/index.php\/agenda-una-cita\/#breadcrumb","itemListElement":[{"@type":"ListItem","position":1,"name":"Portada","item":"https:\/\/cirujano-maxilofacial.com\/"},{"@type":"ListItem","position":2,"name":"Agenda una cita"}]},{"@type":"WebSite","@id":"https:\/\/cirujano-maxilofacial.com\/#website","url":"https:\/\/cirujano-maxilofacial.com\/","name":"Cirujano Maxilofacial","description":"","potentialAction":[{"@type":"SearchAction","target":{"@type":"EntryPoint","urlTemplate":"https:\/\/cirujano-maxilofacial.com\/?s={search_term_string}"},"query-input":{"@type":"PropertyValueSpecification","valueRequired":true,"valueName":"search_term_string"}}],"inLanguage":"en-US"}]}},"_links":{"self":[{"href":"https:\/\/cirujano-maxilofacial.com\/index.php\/wp-json\/wp\/v2\/pages\/217","targetHints":{"allow":["GET"]}}],"collection":[{"href":"https:\/\/cirujano-maxilofacial.com\/index.php\/wp-json\/wp\/v2\/pages"}],"about":[{"href":"https:\/\/cirujano-maxilofacial.com\/index.php\/wp-json\/wp\/v2\/types\/page"}],"author":[{"embeddable":true,"href":"https:\/\/cirujano-maxilofacial.com\/index.php\/wp-json\/wp\/v2\/users\/1"}],"replies":[{"embeddable":true,"href":"https:\/\/cirujano-maxilofacial.com\/index.php\/wp-json\/wp\/v2\/comments?post=217"}],"version-history":[{"count":101,"href":"https:\/\/cirujano-maxilofacial.com\/index.php\/wp-json\/wp\/v2\/pages\/217\/revisions"}],"predecessor-version":[{"id":488,"href":"https:\/\/cirujano-maxilofacial.com\/index.php\/wp-json\/wp\/v2\/pages\/217\/revisions\/488"}],"wp:attachment":[{"href":"https:\/\/cirujano-maxilofacial.com\/index.php\/wp-json\/wp\/v2\/media?parent=217"}],"curies":[{"name":"wp","href":"https:\/\/api.w.org\/{rel}","templated":true}]}}